{"id":6481,"date":"2024-02-13T13:14:39","date_gmt":"2024-02-13T13:14:39","guid":{"rendered":"https:\/\/lsr.at\/?page_id=6481"},"modified":"2025-07-07T09:39:48","modified_gmt":"2025-07-07T09:39:48","slug":"univ-lekt-dr-stefan-lausegger","status":"publish","type":"page","link":"https:\/\/lsr.at\/en\/univ-lekt-dr-stefan-lausegger\/","title":{"rendered":"University lecture Dr. Stefan Lausegger"},"content":{"rendered":"\t\t<div data-elementor-type=\"wp-page\" data-elementor-id=\"6481\" class=\"elementor elementor-6481\" data-elementor-post-type=\"page\">\n\t\t\t\t\t\t<section class=\"elementor-section elementor-top-section elementor-element elementor-element-c4bc553 elementor-section-height-min-height elementor-section-items-stretch elementor-section-boxed elementor-section-height-default\" data-id=\"c4bc553\" data-element_type=\"section\" data-e-type=\"section\" data-settings=\"{&quot;background_background&quot;:&quot;classic&quot;}\">\n\t\t\t\t\t\t\t<div class=\"elementor-background-overlay\"><\/div>\n\t\t\t\t\t\t\t<div class=\"elementor-container elementor-column-gap-default\">\n\t\t\t\t\t<div class=\"elementor-column elementor-col-100 elementor-top-column elementor-element elementor-element-bd5bf2f\" data-id=\"bd5bf2f\" data-element_type=\"column\" data-e-type=\"column\">\n\t\t\t<div class=\"elementor-widget-wrap elementor-element-populated\">\n\t\t\t\t\t\t<div class=\"elementor-element elementor-element-be34ef8 animated-fast elementor-invisible elementor-widget elementor-widget-heading\" data-id=\"be34ef8\" data-element_type=\"widget\" data-e-type=\"widget\" data-settings=\"{&quot;_animation&quot;:&quot;fadeInUp&quot;}\" data-widget_type=\"heading.default\">\n\t\t\t\t<div class=\"elementor-widget-container\">\n\t\t\t\t\t<h1 class=\"elementor-heading-title elementor-size-default\">Univ.-Lekt. Dr. Stefan Lausegger LLM (LSE)<\/h1>\t\t\t\t<\/div>\n\t\t\t\t<\/div>\n\t\t\t\t\t<\/div>\n\t\t<\/div>\n\t\t\t\t\t<\/div>\n\t\t<\/section>\n\t\t\t\t<section class=\"elementor-section elementor-top-section elementor-element elementor-element-b5d12d0 elementor-section-boxed elementor-section-height-default elementor-section-height-default\" data-id=\"b5d12d0\" data-element_type=\"section\" data-e-type=\"section\" data-settings=\"{&quot;background_background&quot;:&quot;classic&quot;}\">\n\t\t\t\t\t\t<div class=\"elementor-container elementor-column-gap-default\">\n\t\t\t\t\t<div class=\"elementor-column elementor-col-100 elementor-top-column elementor-element elementor-element-ad8da4c\" data-id=\"ad8da4c\" data-element_type=\"column\" data-e-type=\"column\">\n\t\t\t<div class=\"elementor-widget-wrap elementor-element-populated\">\n\t\t\t\t\t\t<div class=\"elementor-element elementor-element-66c53af elementor-icon-list--layout-inline elementor-list-item-link-full_width elementor-widget elementor-widget-icon-list\" data-id=\"66c53af\" data-element_type=\"widget\" data-e-type=\"widget\" data-widget_type=\"icon-list.default\">\n\t\t\t\t<div class=\"elementor-widget-container\">\n\t\t\t\t\t\t\t<ul class=\"elementor-icon-list-items elementor-inline-items\">\n\t\t\t\t\t\t\t<li class=\"elementor-icon-list-item elementor-inline-item\">\n\t\t\t\t\t\t\t\t\t\t\t<a href=\"https:\/\/lsr.at\/en\">\n\n\t\t\t\t\t\t\t\t\t\t\t<span class=\"elementor-icon-list-text\">Home<\/span>\n\t\t\t\t\t\t\t\t\t\t\t<\/a>\n\t\t\t\t\t\t\t\t\t<\/li>\n\t\t\t\t\t\t\t\t<li class=\"elementor-icon-list-item elementor-inline-item\">\n\t\t\t\t\t\t\t\t\t\t\t<a href=\"https:\/\/lsr.at\/team\/\">\n\n\t\t\t\t\t\t\t\t\t\t\t<span class=\"elementor-icon-list-text\">\u00bb  Team<\/span>\n\t\t\t\t\t\t\t\t\t\t\t<\/a>\n\t\t\t\t\t\t\t\t\t<\/li>\n\t\t\t\t\t\t\t\t<li class=\"elementor-icon-list-item elementor-inline-item\">\n\t\t\t\t\t\t\t\t\t\t<span class=\"elementor-icon-list-text\">\u00bb  Univ.-Lekt. Dr. Stefan Lausegger<\/span>\n\t\t\t\t\t\t\t\t\t<\/li>\n\t\t\t\t\t\t<\/ul>\n\t\t\t\t\t\t<\/div>\n\t\t\t\t<\/div>\n\t\t\t\t\t<\/div>\n\t\t<\/div>\n\t\t\t\t\t<\/div>\n\t\t<\/section>\n\t\t\t\t<section class=\"elementor-section elementor-top-section elementor-element elementor-element-53407e9 elementor-section-boxed elementor-section-height-default elementor-section-height-default\" data-id=\"53407e9\" data-element_type=\"section\" data-e-type=\"section\">\n\t\t\t\t\t\t<div class=\"elementor-container elementor-column-gap-default\">\n\t\t\t\t\t<div class=\"elementor-column elementor-col-50 elementor-top-column elementor-element elementor-element-375860e\" data-id=\"375860e\" data-element_type=\"column\" data-e-type=\"column\">\n\t\t\t<div class=\"elementor-widget-wrap elementor-element-populated\">\n\t\t\t\t\t\t<div class=\"elementor-element elementor-element-0ba054d elementor-widget elementor-widget-image\" data-id=\"0ba054d\" data-element_type=\"widget\" data-e-type=\"widget\" data-settings=\"{&quot;sticky&quot;:&quot;top&quot;,&quot;sticky_on&quot;:[&quot;desktop&quot;],&quot;sticky_offset&quot;:110,&quot;sticky_parent&quot;:&quot;yes&quot;,&quot;sticky_effects_offset&quot;:0,&quot;sticky_anchor_link_offset&quot;:0}\" data-widget_type=\"image.default\">\n\t\t\t\t<div class=\"elementor-widget-container\">\n\t\t\t\t\t\t\t\t\t\t\t\t\t\t\t<img fetchpriority=\"high\" decoding=\"async\" width=\"400\" height=\"400\" src=\"https:\/\/lsr.at\/wp-content\/uploads\/2023\/02\/2020_lausegger-400.jpg\" class=\"attachment-large size-large wp-image-254\" alt=\"- LSR Rechtsanwaltskanzlei\" srcset=\"https:\/\/lsr.at\/wp-content\/uploads\/2023\/02\/2020_lausegger-400.jpg 400w, https:\/\/lsr.at\/wp-content\/uploads\/2023\/02\/2020_lausegger-400-300x300.jpg 300w, https:\/\/lsr.at\/wp-content\/uploads\/2023\/02\/2020_lausegger-400-150x150.jpg 150w, https:\/\/lsr.at\/wp-content\/uploads\/2023\/02\/2020_lausegger-400-100x100.jpg 100w\" sizes=\"(max-width: 400px) 100vw, 400px\" title=\"- LSR Rechtsanwaltskanzlei\">\t\t\t\t\t\t\t\t\t\t\t\t\t\t\t<\/div>\n\t\t\t\t<\/div>\n\t\t\t\t\t<\/div>\n\t\t<\/div>\n\t\t\t\t<div class=\"elementor-column elementor-col-50 elementor-top-column elementor-element elementor-element-b8f8176\" data-id=\"b8f8176\" data-element_type=\"column\" data-e-type=\"column\">\n\t\t\t<div class=\"elementor-widget-wrap elementor-element-populated\">\n\t\t\t\t\t\t<div class=\"elementor-element elementor-element-02a7af2 elementor-widget elementor-widget-heading\" data-id=\"02a7af2\" data-element_type=\"widget\" data-e-type=\"widget\" data-widget_type=\"heading.default\">\n\t\t\t\t<div class=\"elementor-widget-container\">\n\t\t\t\t\t<h2 class=\"elementor-heading-title elementor-size-default\">Univ.-Lekt. Dr. Stefan Lausegger LLM (LSE)<\/h2>\t\t\t\t<\/div>\n\t\t\t\t<\/div>\n\t\t\t\t<div class=\"elementor-element elementor-element-26c3f9a elementor-widget elementor-widget-text-editor\" data-id=\"26c3f9a\" data-element_type=\"widget\" data-e-type=\"widget\" data-widget_type=\"text-editor.default\">\n\t\t\t\t<div class=\"elementor-widget-container\">\n\t\t\t\t\t\t\t\t\t<p><strong>Beruflicher Werdegang:<\/strong><\/p><ul><li>Universit\u00e4t Graz (Mag. iur. 1999, Dr. iur. 2001)<\/li><li>Universidad de M\u00e1laga<\/li><li>Central European University, Budapest<\/li><li>London School of Economics and Political Science (LLM 2003)<\/li><li>Wissenschaftlicher Mitarbeiter am Europ\u00e4ischen Parlament (1998)<\/li><li>Praktikum bei Freshfields, Br\u00fcssel (1998)<\/li><li>Rechtsanwaltsanw\u00e4rter bei Kammerlander, Piaty &amp; Partner, Graz (2000-2002)<\/li><li>Rechtsanwaltsanw\u00e4rter bei Baker &amp; McKenzie, Wien (2003-2005)<\/li><li>seit 2005 Rechtsanwalt, Partner bei Daghofer &amp; Lausegger<\/li><li>2009: Gr\u00fcndungspartner der DKL Rechtsanw\u00e4lte<\/li><li>2018: Zertifizierter Datenschutzbeauftragter<\/li><li>2019: \u00dcbersiedlung des Kanzleistandortes zum heutigen Standort, Regiegemeinschaft mit DRSR Rechtsanw\u00e4lte<\/li><li>2020: Bestellung zum Anwaltspr\u00fcfer<\/li><\/ul>\t\t\t\t\t\t\t\t<\/div>\n\t\t\t\t<\/div>\n\t\t\t\t<div class=\"elementor-element elementor-element-3145aa3 elementor-widget elementor-widget-text-editor\" data-id=\"3145aa3\" data-element_type=\"widget\" data-e-type=\"widget\" data-widget_type=\"text-editor.default\">\n\t\t\t\t<div class=\"elementor-widget-container\">\n\t\t\t\t\t\t\t\t\t<strong>Spezialisierungen:<\/strong>\n<ul>\n    <li><a href=\"https:\/\/lsr.at\/litigation\/\">Litigation<\/a><\/li>\n    <li><a href=\"https:\/\/lsr.at\/datenschutzberatung-und-it-recht\/\">Datenschutzrecht<\/a><\/li>\n    <li><a href=\"https:\/\/lsr.at\/energierecht\/\">Energierecht<\/a><\/li>\n    <li>Forderungsmanagement und Inkassowesen<\/li>\n    <li><a href=\"https:\/\/lsr.at\/gesellschafts-und-stiftungsrecht\/\">Gesellschafts- und Stiftungsrecht<\/a><\/li>\n    <li><a href=\"https:\/\/lsr.at\/gewerblicher-rechtsschutz\/\">Gewerblicher Rechtsschutz<\/a><\/li>\n    <li><a href=\"https:\/\/lsr.at\/medienrecht\/\">Medien &#8211; &amp; Urheberrecht<\/a>\n    <\/li>\n    <li><a href=\"https:\/\/lsr.at\/wirtschafts-und-unternehmensrecht\/\">Wirtschafts- und Unternehmensrecht<\/a><\/li>\n<\/ul>\t\t\t\t\t\t\t\t<\/div>\n\t\t\t\t<\/div>\n\t\t\t\t<div class=\"elementor-element elementor-element-db3e19c elementor-widget elementor-widget-text-editor\" data-id=\"db3e19c\" data-element_type=\"widget\" data-e-type=\"widget\" data-widget_type=\"text-editor.default\">\n\t\t\t\t<div class=\"elementor-widget-container\">\n\t\t\t\t\t\t\t\t\t<p><strong>Publikationen:<\/strong><\/p><ul><li><em>Lausegger\/G\u00fcnther<\/em>, Glosse zu OGH 27.04.2022, 15 Os 109\/21z \u2013 Potenzmittel IV; Medien und Recht 2022, 127<\/li><li><em>Lausegger\/G\u00fcnther<\/em>, Glosse zu OGH 18.10.2022, 15 Os 41\/22a \u2013 Potenzmittel V; Medien und Recht 2022, 308<\/li><li><em>Lausegger<\/em>, Der Pranger von Panama, in ecolex (2016) 454-457<\/li><li><em>Gaedke\/Lausegger<\/em>, Finanzstrafrecht 2011: Der Steuerpflichtige \u2013 Kaninchen vor der Schlange?, in ecolex (2011) 356-359<\/li><li><em>Lausegger<\/em>, Pers\u00f6nlichkeitsschutz 2010 \u2013 Zwischen Pressefreiheit und Opferschutz, in ecolex (2009) 1069<\/li><li><em>K\u00fcbler\/Lausegger<\/em>, Austrian Merger Control, in Baker &amp; McKenzie, Global Merger Control Manual (2007)<\/li><li><em>K\u00fcbler\/Lausegger<\/em>, Merger Control in Austria, in Laing\/Mobley (eds), Global Merger Control Manual (6th ed.) 2006<\/li><li><em>Lackner\/Lausegger<\/em>, Renewable Energy Sources in Austria Current Legislative Developments and their Background, Journal of Energy and Natural Resources Law 2005, 120 &#8211; 140<\/li><li><em>Lausegger\/Likar<\/em>, Die Geldw\u00e4schebestimmungen der RAO und das Berufsbild des Rechtsanwaltes, Anwaltsblatt 2004, 142-150<\/li><li><em>Lausegger<\/em>, The Amended Russian Joint-Stock Company Law 2001 An Evaluation of the Self-Enforcing Model of Company Law, in: Forschungsinstitut f\u00fcr mittel- und osteurop\u00e4isches Wirtschaftsrecht, Arbeitspapier Nr 94 (Mai 2003)<\/li><li><em>Fallenb\u00f6ck\/Kaufmann\/Lausegger<\/em>, Zivil- und wettbewerbsrechtliche Aspekte geographischer Internetdomains, \u00d6Bl 2002, 189-196<\/li><li><em>H\u00f6dl\/Lausegger<\/em>, Energieabgaber\u00fcckverg\u00fctung auch an Dienstleistungsunternehmen, ecolex 2002, 304-307<\/li><li><em>Lausegger<\/em>, Die Honorarordnung der Rechtsanw\u00e4lte auf dem Pr\u00fcfstand des Gemeinschaftsrechts, wbl 2002, 141-149<\/li><li><em>Lausegger<\/em>, Die \u00d6ffnung des \u00f6sterreichischen Elektrizit\u00e4tsmarktes Das Energieliberalisierungsgesetz 2000, RdE 2001, 581-587<\/li><li><em>Lausegger\/Pichler<\/em>, Nationale Umweltschutzma\u00dfnahmen im liberalisierten europ\u00e4ischen Strommarkt Die Ber\u00fccksichtigung \u00f6kologischer Aspekte im ElWOG, RdU 2001, 43-50<\/li><li><em>Rack\/Lausegger<\/em>, The Role of the European Parliament: Past and Future, in: Alston\/Bustelo\/Heenan (eds), The EU and Human Rights, European University Institute, Oxford University Press (1999) 801-837<\/li><li><em>Rack\/H\u00f6fer\/Lausegger<\/em>, Bildung f\u00fcr Europa \u2013 Forschung und Technologie \u2013 Das Vierte Rahmenprogramm (1994-1998) in: Europa-Agenda 2000 Die Europ\u00e4ische Union vor der gro\u00dfen Herausforderung (1998) 40-47<\/li><li><em>Rack\/H\u00f6dl\/Lausegger<\/em>, Rechtliches und politisches Gewicht des Europ\u00e4ischen Parlaments im Proze\u00df der europ\u00e4ischen Gesetzgebung Abbau des Demokratiedefizits?, in: Dr. Karl-Kummer-Institut f\u00fcr Sozialpolitik und Sozialreform in Steiermark (ed), Demokratiefragen in Europa: Die Europ\u00e4ische Union zwischen politischer Effizienz und demokratischer Legitimit\u00e4t (1999) 6-17<\/li><\/ul>\t\t\t\t\t\t\t\t<\/div>\n\t\t\t\t<\/div>\n\t\t\t\t<div class=\"elementor-element elementor-element-3cfbb94 elementor-widget elementor-widget-text-editor\" data-id=\"3cfbb94\" data-element_type=\"widget\" data-e-type=\"widget\" data-widget_type=\"text-editor.default\">\n\t\t\t\t<div class=\"elementor-widget-container\">\n\t\t\t\t\t\t\t\t\t<p><strong>Lehrt\u00e4tigkeit:<\/strong><\/p><ul><li>Lehrbeauftragter an der\u00a0<a class=\"external-link-new-window\" title=\"\u00d6ffnet externen Link in neuem Fenster\" href=\"https:\/\/www.tugraz.at\/\" target=\"_blank\" rel=\"noopener\">Technischen Universit\u00e4t Graz<\/a><\/li><li>Lehrbeauftragter an der\u00a0<a class=\"external-link-new-window\" href=\"https:\/\/www.fh-joanneum.at\/hochschule\/person\/stefan-lausegger\/\" target=\"_blank\" rel=\"noopener\">Fachhochschule Joanneum Graz\/Kapfenberg<\/a><\/li><\/ul>\t\t\t\t\t\t\t\t<\/div>\n\t\t\t\t<\/div>\n\t\t\t\t<div class=\"elementor-element elementor-element-2644ad3 elementor-widget elementor-widget-text-editor\" data-id=\"2644ad3\" data-element_type=\"widget\" data-e-type=\"widget\" data-widget_type=\"text-editor.default\">\n\t\t\t\t<div class=\"elementor-widget-container\">\n\t\t\t\t\t\t\t\t\t<p><strong>Mitgliedschaften:<\/strong><\/p><ul><li><a class=\"external-link-new-window\" title=\"\u00d6ffnet externen Link in neuem Fenster\" href=\"http:\/\/www.lse.ac.uk\/european-institute\/alumni\" target=\"_blank\" rel=\"noopener\">Alumni Association of London School of Economics and Political Science<\/a><\/li><li><a class=\"external-link-new-window\" title=\"\u00d6ffnet externen Link in neuem Fenster\" href=\"https:\/\/graz-nord.rotary.at\/de\/\" target=\"_blank\" rel=\"noopener\">Rotary Austria (RC Graz-Umgebung-Nord)<\/a><\/li><li><a class=\"external-link-new-window\" title=\"\u00d6ffnet externen Link in neuem Fenster\" href=\"http:\/\/www.grur.org\/\" target=\"_blank\" rel=\"noopener\">GRUR &#8211; Deutsche Vereinigung f\u00fcr Gewerblichen Rechtsschutz undUrheberrecht e.V.<\/a><\/li><li><a class=\"external-link-new-window\" title=\"\u00d6ffnet externen Link in neuem Fenster\" href=\"https:\/\/www.ibanet.org\/\" target=\"_blank\" rel=\"noopener\">IBA &#8211; International Bar Association<\/a><\/li><li><a class=\"external-link-new-window\" title=\"\u00d6ffnet externen Link in neuem Fenster\" href=\"https:\/\/iccwbo.org\/\" target=\"_blank\" rel=\"noopener\">ICC &#8211; International Chamber of Commerce (Internationale Handelskammer)<\/a><\/li><li><a class=\"external-link-new-window\" title=\"\u00d6ffnet externen Link in neuem Fenster\" href=\"https:\/\/www.doejev.de\/\" target=\"_blank\" rel=\"noopener\">D\u00d6J e.V. &#8211; Deutsch-\u00d6sterreichische Juristenvereinigung<\/a><\/li><li><a class=\"external-link-new-window\" title=\"\u00d6ffnet externen Link in neuem Fenster\" href=\"http:\/\/www.dsjv-ahaj.org\/\" target=\"_blank\" rel=\"noopener\">Deutsch-Spanische Juristenvereinigung e.V.<\/a><\/li><li><a class=\"external-link-new-window\" title=\"\u00d6ffnet externen Link in neuem Fenster\" href=\"https:\/\/www.advolex.net\/\" target=\"_blank\" rel=\"noopener\">Advolex &#8211; Deutsch-Europ\u00e4ische Korrespondenzanwaltsgemeinschaft<\/a><\/li><li>G1-Mitglied der\u00a0<a title=\"\u00d6ffnet externen Link in neuem Fenster\" href=\"http:\/\/www.argedaten.at\/php\/cms_monitor.php?q=AD-NEWS-LAST\" target=\"_blank\" rel=\"noopener\">ARGE DATEN \u00d6sterreichische Gesellschaft f\u00fcr Datenschutz<\/a><\/li><li><a href=\"https:\/\/www.mittelstands-anwaelte.de\/\" target=\"_blank\" rel=\"noopener\">DASV &#8211; Deutsche Anwalts- und Steuerberatervereinigung f\u00fcr die mittelst\u00e4ndische Wirtschaft e.V.<\/a><\/li><\/ul>\t\t\t\t\t\t\t\t<\/div>\n\t\t\t\t<\/div>\n\t\t\t\t<div class=\"elementor-element elementor-element-fbaad69 elementor-widget elementor-widget-text-editor\" data-id=\"fbaad69\" data-element_type=\"widget\" data-e-type=\"widget\" data-widget_type=\"text-editor.default\">\n\t\t\t\t<div class=\"elementor-widget-container\">\n\t\t\t\t\t\t\t\t\t<p><strong>Sprachen:<\/strong><\/p><ul><li>Deutsch<\/li><li>Englisch<\/li><li>Franz\u00f6sisch<\/li><li>Spanisch<\/li><li>Russisch<\/li><\/ul>\t\t\t\t\t\t\t\t<\/div>\n\t\t\t\t<\/div>\n\t\t\t\t\t<\/div>\n\t\t<\/div>\n\t\t\t\t\t<\/div>\n\t\t<\/section>\n\t\t\t\t<\/div>\n\t\t","protected":false},"excerpt":{"rendered":"<p>Univ.-Lekt. Dr. Stefan Lausegger LLM (LSE) Home \u00bb Team Univ.-Lekt. Dr. Stefan Lausegger LLM (LSE) Beruflicher Werdegang: Universit\u00e4t Graz (Mag. iur. 1999, Dr. iur. 2001) Universidad de M\u00e1laga Central European University, Budapest London School of Economics and Political Science (LLM 2003) Wissenschaftlicher Mitarbeiter am Europ\u00e4ischen Parlament (1998) Praktikum bei Freshfields, Br\u00fcssel (1998) Rechtsanwaltsanw\u00e4rter bei Kammerlander, [&hellip;]<\/p>\n","protected":false},"author":4,"featured_media":0,"parent":0,"menu_order":0,"comment_status":"closed","ping_status":"closed","template":"","meta":{"_acf_changed":false,"footnotes":""},"class_list":["post-6481","page","type-page","status-publish","hentry"],"acf":[],"_links":{"self":[{"href":"https:\/\/lsr.at\/en\/wp-json\/wp\/v2\/pages\/6481","targetHints":{"allow":["GET"]}}],"collection":[{"href":"https:\/\/lsr.at\/en\/wp-json\/wp\/v2\/pages"}],"about":[{"href":"https:\/\/lsr.at\/en\/wp-json\/wp\/v2\/types\/page"}],"author":[{"embeddable":true,"href":"https:\/\/lsr.at\/en\/wp-json\/wp\/v2\/users\/4"}],"replies":[{"embeddable":true,"href":"https:\/\/lsr.at\/en\/wp-json\/wp\/v2\/comments?post=6481"}],"version-history":[{"count":59,"href":"https:\/\/lsr.at\/en\/wp-json\/wp\/v2\/pages\/6481\/revisions"}],"predecessor-version":[{"id":8049,"href":"https:\/\/lsr.at\/en\/wp-json\/wp\/v2\/pages\/6481\/revisions\/8049"}],"wp:attachment":[{"href":"https:\/\/lsr.at\/en\/wp-json\/wp\/v2\/media?parent=6481"}],"curies":[{"name":"wp","href":"https:\/\/api.w.org\/{rel}","templated":true}]}}