{"id":3973,"date":"2023-04-24T09:37:37","date_gmt":"2023-04-24T09:37:37","guid":{"rendered":"https:\/\/lsr.at\/?page_id=3973"},"modified":"2025-10-28T07:21:21","modified_gmt":"2025-10-28T07:21:21","slug":"datenschutz","status":"publish","type":"page","link":"https:\/\/lsr.at\/en\/datenschutz\/","title":{"rendered":"Data Protection Information"},"content":{"rendered":"<div data-elementor-type=\"wp-page\" data-elementor-id=\"3973\" class=\"elementor elementor-3973\" data-elementor-post-type=\"page\">\n\t\t\t\t\t\t<section class=\"elementor-section elementor-top-section elementor-element elementor-element-96b8d8f elementor-section-height-min-height elementor-section-items-stretch elementor-section-boxed elementor-section-height-default\" data-id=\"96b8d8f\" data-element_type=\"section\" data-e-type=\"section\" data-settings=\"{&quot;background_background&quot;:&quot;classic&quot;}\">\n\t\t\t\t\t\t\t<div class=\"elementor-background-overlay\"><\/div>\n\t\t\t\t\t\t\t<div class=\"elementor-container elementor-column-gap-default\">\n\t\t\t\t\t<div class=\"elementor-column elementor-col-100 elementor-top-column elementor-element elementor-element-69a7f0e\" data-id=\"69a7f0e\" data-element_type=\"column\" data-e-type=\"column\">\n\t\t\t<div class=\"elementor-widget-wrap elementor-element-populated\">\n\t\t\t\t\t\t<div class=\"elementor-element elementor-element-1973f7c animated-fast word-break elementor-invisible elementor-widget elementor-widget-heading\" data-id=\"1973f7c\" data-element_type=\"widget\" data-e-type=\"widget\" data-settings=\"{&quot;_animation&quot;:&quot;fadeInUp&quot;}\" data-widget_type=\"heading.default\">\n\t\t\t\t<div class=\"elementor-widget-container\">\n\t\t\t\t\t<h1 class=\"elementor-heading-title elementor-size-default\"><div class=\"underline2\">Data Protection Information<\/div><\/h1>\t\t\t\t<\/div>\n\t\t\t\t<\/div>\n\t\t\t\t\t<\/div>\n\t\t<\/div>\n\t\t\t\t\t<\/div>\n\t\t<\/section>\n\t\t\t\t<section class=\"elementor-section elementor-top-section elementor-element elementor-element-5f222ee elementor-section-boxed elementor-section-height-default elementor-section-height-default\" data-id=\"5f222ee\" data-element_type=\"section\" data-e-type=\"section\" data-settings=\"{&quot;background_background&quot;:&quot;classic&quot;}\">\n\t\t\t\t\t\t<div class=\"elementor-container elementor-column-gap-default\">\n\t\t\t\t\t<div class=\"elementor-column elementor-col-100 elementor-top-column elementor-element elementor-element-0db6f0c\" data-id=\"0db6f0c\" data-element_type=\"column\" data-e-type=\"column\">\n\t\t\t<div class=\"elementor-widget-wrap elementor-element-populated\">\n\t\t\t\t\t\t<div class=\"elementor-element elementor-element-e3d4956 elementor-icon-list--layout-inline elementor-list-item-link-full_width elementor-widget elementor-widget-icon-list\" data-id=\"e3d4956\" data-element_type=\"widget\" data-e-type=\"widget\" data-widget_type=\"icon-list.default\">\n\t\t\t\t<div class=\"elementor-widget-container\">\n\t\t\t\t\t\t\t<ul class=\"elementor-icon-list-items elementor-inline-items\">\n\t\t\t\t\t\t\t<li class=\"elementor-icon-list-item elementor-inline-item\">\n\t\t\t\t\t\t\t\t\t\t\t<a href=\"https:\/\/lsr.at\/en\">\n\n\t\t\t\t\t\t\t\t\t\t\t<span class=\"elementor-icon-list-text\">Home<\/span>\n\t\t\t\t\t\t\t\t\t\t\t<\/a>\n\t\t\t\t\t\t\t\t\t<\/li>\n\t\t\t\t\t\t\t\t<li class=\"elementor-icon-list-item elementor-inline-item\">\n\t\t\t\t\t\t\t\t\t\t<span class=\"elementor-icon-list-text\">\u00bb Data Protection Information<\/span>\n\t\t\t\t\t\t\t\t\t<\/li>\n\t\t\t\t\t\t<\/ul>\n\t\t\t\t\t\t<\/div>\n\t\t\t\t<\/div>\n\t\t\t\t\t<\/div>\n\t\t<\/div>\n\t\t\t\t\t<\/div>\n\t\t<\/section>\n\t\t\t\t<section class=\"elementor-section elementor-top-section elementor-element elementor-element-58e9400 elementor-section-full_width elementor-section-height-default elementor-section-height-default\" data-id=\"58e9400\" data-element_type=\"section\" data-e-type=\"section\">\n\t\t\t\t\t\t<div class=\"elementor-container elementor-column-gap-default\">\n\t\t\t\t\t<div class=\"elementor-column elementor-col-100 elementor-top-column elementor-element elementor-element-247d00c\" data-id=\"247d00c\" data-element_type=\"column\" data-e-type=\"column\">\n\t\t\t<div class=\"elementor-widget-wrap elementor-element-populated\">\n\t\t\t\t\t\t<section class=\"elementor-section elementor-inner-section elementor-element elementor-element-7320ca1 elementor-section-boxed elementor-section-height-default elementor-section-height-default\" data-id=\"7320ca1\" data-element_type=\"section\" data-e-type=\"section\">\n\t\t\t\t\t\t<div class=\"elementor-container elementor-column-gap-default\">\n\t\t\t\t\t<div class=\"elementor-column elementor-col-100 elementor-inner-column elementor-element elementor-element-2325e8e\" data-id=\"2325e8e\" data-element_type=\"column\" data-e-type=\"column\">\n\t\t\t<div class=\"elementor-widget-wrap elementor-element-populated\">\n\t\t\t\t\t\t<section class=\"elementor-section elementor-inner-section elementor-element elementor-element-1687a5f elementor-section-boxed elementor-section-height-default elementor-section-height-default\" data-id=\"1687a5f\" data-element_type=\"section\" data-e-type=\"section\">\n\t\t\t\t\t\t<div class=\"elementor-container elementor-column-gap-default\">\n\t\t\t\t\t<div class=\"elementor-column elementor-col-100 elementor-inner-column elementor-element elementor-element-9ae3cde\" data-id=\"9ae3cde\" data-element_type=\"column\" data-e-type=\"column\">\n\t\t\t<div class=\"elementor-widget-wrap elementor-element-populated\">\n\t\t\t\t\t\t<div class=\"elementor-element elementor-element-e0b5acd elementor-widget elementor-widget-text-editor\" data-id=\"e0b5acd\" data-element_type=\"widget\" data-e-type=\"widget\" data-widget_type=\"text-editor.default\">\n\t\t\t\t<div class=\"elementor-widget-container\">\n\t\t\t\t\t\t\t\t\t<p><strong>1. General Information<\/strong><br \/>We would like to inform you, in accordance with our legal obligation as data controller, about our processing of your personal data that we obtain when you use this website. This website uses SSL encryption. Your data is therefore encrypted and secured.<\/p><p>Information on the responsible party: LSR Lausegger G\u00fcnther Soziet\u00e4t von Rechtsanw\u00e4lten GmbH &amp; Co KG (FN 663360 f), Nikolaiplatz 4, 8020 Graz; office@lsr.at; Chamber\/professional association: Styrian Bar Association.<\/p><p><strong>2. How we use personal data provided by you<\/strong><br \/>If you contact us via the contact form on this website, by e-mail, telephone or fax, we will process your personal data (e-mail address, name, telephone number, fax number and the text of your request as well as related documents) for the purpose of processing your request, in order to respond accordingly.<\/p><p><strong>2.1 Cookies<\/strong><br \/>This website uses Cookies. A cookie is a small file that can be stored on your computer whenever you visit a website. Cookies are generally used to provide users with additional functions on a website. For example, they can be used to make it easier for you to navigate a website, to enable you to continue using a website from where you left it and\/or to save your preferences and settings when you visit the website again. Cookies cannot access, read or modify any other data on your computer.<\/p><p>Most of the cookies used on this website are so-called permanent cookies. These remain on your computer until you manually delete them in your browser. We use these permanent cookies to recognize you the next time you visit our website.<\/p><p>If you want to control cookies on your computer, you can choose in your browser settings to receive a notification when a website wants to store cookies. You can also block or delete cookies already stored on your computer. For further information about how to take these steps, please use the \u201ehelp\u201c function in your browser.<\/p><p>Please be aware that blocking or deleting cookies may affect your online experience and prevent you from making full use of this website.<\/p><p><strong>2.2 Google Analytics<\/strong><br \/>This website uses Google Analytics, a web analytics service provided by Google Inc. (\"Google\"). Google Analytics uses so-called \"cookies\", text files that are stored on your computer and that allow an analysis of the use of the website by you. The information generated by the cookie about your use of this website is usually transmitted to a Google server in the USA and stored there. However, in the event of activation of IP anonymization on this website, your IP address will be shortened beforehand by Google within member states of the European Union or in other contracting states of the Agreement on the European Economic Area. Only in exceptional cases will the full IP address be sent to a Google server in the US and shortened there. On behalf of the operator of this website, Google will use this information to evaluate your use of the website, to compile reports on website activity and to provide other services related to website activity and internet usage to the website operator. The IP address provided by your browser as part of Google Analytics will not be merged with other Google data. You can prevent the storage of cookies by an appropriate setting of your browser software; however, please note that if you do this, you may not be able to use all the features of this website to the fullest extent possible. In addition, you can prevent the collection by Google of the data generated by the cookie and related to your use of the website (including your IP address) as well as the processing of this data by Google by using the link below (http: \/\/ tools.google.com\/dlpage\/gaoptout?hl=en) to download and install the available browser plugin.<br \/>You can prevent the collection of your data by Google Analytics by clicking on the following link. An opt-out cookie will be created that will prevent the future collection of your data when you visit this website: <a class=\"borlabs-cookie-preference\" href=\"#\">Disable Google Analytics<\/a><br \/>For more information about Terms of Use and Privacy, please visit http:\/\/www.google.com\/analytics\/terms\/us.html or https:\/\/www.google.com\/intl\/en\/policies\/. We point out that on this website Google Analytics has been extended by the code \"anonymizeIp\" to ensure an anonymous collection of IP addresses (so-called IP-Masking).<\/p><p><strong>3. Legal basis for the processing of your personal data<\/strong><br \/>We process your personal data only when there is a legitimate interest within the scope of the operation of this website (in particular for answering inquiries, for the operation and management of this website and for ensuring network and data security), if we are under legal obligation to do so, in order to take pre-contractual measures or if you have consented to the processing.<\/p><p><strong>4. Criteria for storage duration<\/strong><br \/>We only store your personal data for as long as we need it for the fulfillment of the purposes set out above and our contractual or legal obligations. When we no longer require your personal data, we will delete it from our systems and records or anonymize it so that you can no longer be identified.\n\nIf you make a request to us and no mandate agreement is concluded within 4 weeks after this request, we will delete your data.<\/p><p><strong>5. Your Rights<\/strong><br \/>You can request information about the processing of your data (Art 15 DSGVO). You can demand the rectification of incorrect data (Art 16 DSGVO). You can request the erasure of your data, provided that the requirements of Art 17 DSGVO are fulfilled. If the prerequisites according to Art 18 DSGVO are fulfilled, you can demand the restriction of the processing of your data. You may request the transfer of your data in a standard format if you have provided us with such data and provided that the processing is based on consent or contract and the processing is carried out by automated means (Art 20 DSGVO). Under the conditions set out in Art 21 DSGVO you can object to the processing of your data.<\/p><p>Finally, you can file a complaint with the Data Protection Authority (Wickenburggasse 8, 1080 Vienna, https:\/\/www.dsb.gv.at\/).<\/p><p>If you have any questions regarding your personal data, you can contact us at office(at)lsr.at.<\/p><p><strong>6<\/strong>. This information represents the information valid as of October 1, 2025, and until revoked, in accordance with Art. 13 GDPR. We may make adjustments from time to time. The most current version can be found at any time on our website https:\/\/lsr.at.<\/p>\t\t\t\t\t\t\t\t<\/div>\n\t\t\t\t<\/div>\n\t\t\t\t\t<\/div>\n\t\t<\/div>\n\t\t\t\t\t<\/div>\n\t\t<\/section>\n\t\t\t\t\t<\/div>\n\t\t<\/div>\n\t\t\t\t\t<\/div>\n\t\t<\/section>\n\t\t\t\t\t<\/div>\n\t\t<\/div>\n\t\t\t\t\t<\/div>\n\t\t<\/section>\n\t\t\t\t<\/div>","protected":false},"excerpt":{"rendered":"<p>Datenschutzinformationen Home 1. AllgemeinesWir m\u00f6chten Sie in Entsprechung unserer gesetzlichen Verpflichtung als Verantwortlicher der Datenverarbeitung \u00fcber die Verarbeitung personenbezogener Daten informieren, die wir bei der Nutzung dieser Website erhalten. Diese Website ist SSL verschl\u00fcsselt. Ihre Daten sind daher verschl\u00fcsselt und gesichert. Informationen zum Verantwortlichen: LSR Lausegger G\u00fcnther Soziet\u00e4t von Rechtsanw\u00e4lten GmbH &amp; Co KG (FN [&hellip;]<\/p>\n","protected":false},"author":4,"featured_media":0,"parent":0,"menu_order":0,"comment_status":"closed","ping_status":"closed","template":"","meta":{"_acf_changed":false,"footnotes":""},"class_list":["post-3973","page","type-page","status-publish","hentry"],"acf":[],"_links":{"self":[{"href":"https:\/\/lsr.at\/en\/wp-json\/wp\/v2\/pages\/3973","targetHints":{"allow":["GET"]}}],"collection":[{"href":"https:\/\/lsr.at\/en\/wp-json\/wp\/v2\/pages"}],"about":[{"href":"https:\/\/lsr.at\/en\/wp-json\/wp\/v2\/types\/page"}],"author":[{"embeddable":true,"href":"https:\/\/lsr.at\/en\/wp-json\/wp\/v2\/users\/4"}],"replies":[{"embeddable":true,"href":"https:\/\/lsr.at\/en\/wp-json\/wp\/v2\/comments?post=3973"}],"version-history":[{"count":34,"href":"https:\/\/lsr.at\/en\/wp-json\/wp\/v2\/pages\/3973\/revisions"}],"predecessor-version":[{"id":8249,"href":"https:\/\/lsr.at\/en\/wp-json\/wp\/v2\/pages\/3973\/revisions\/8249"}],"wp:attachment":[{"href":"https:\/\/lsr.at\/en\/wp-json\/wp\/v2\/media?parent=3973"}],"curies":[{"name":"wp","href":"https:\/\/api.w.org\/{rel}","templated":true}]}}