{"id":3964,"date":"2023-04-24T09:29:20","date_gmt":"2023-04-24T09:29:20","guid":{"rendered":"https:\/\/lsr.at\/?page_id=3964"},"modified":"2025-10-29T07:12:48","modified_gmt":"2025-10-29T07:12:48","slug":"offenlegung","status":"publish","type":"page","link":"https:\/\/lsr.at\/en\/offenlegung\/","title":{"rendered":"Disclosure"},"content":{"rendered":"<div data-elementor-type=\"wp-page\" data-elementor-id=\"3964\" class=\"elementor elementor-3964\" data-elementor-post-type=\"page\">\n\t\t\t\t\t\t<section class=\"elementor-section elementor-top-section elementor-element elementor-element-5573744 elementor-section-height-min-height elementor-section-items-stretch elementor-section-boxed elementor-section-height-default\" data-id=\"5573744\" data-element_type=\"section\" data-e-type=\"section\" data-settings=\"{&quot;background_background&quot;:&quot;classic&quot;}\">\n\t\t\t\t\t\t\t<div class=\"elementor-background-overlay\"><\/div>\n\t\t\t\t\t\t\t<div class=\"elementor-container elementor-column-gap-default\">\n\t\t\t\t\t<div class=\"elementor-column elementor-col-100 elementor-top-column elementor-element elementor-element-ce23cce\" data-id=\"ce23cce\" data-element_type=\"column\" data-e-type=\"column\">\n\t\t\t<div class=\"elementor-widget-wrap elementor-element-populated\">\n\t\t\t\t\t\t<div class=\"elementor-element elementor-element-a1f2b67 animated-fast elementor-invisible elementor-widget elementor-widget-heading\" data-id=\"a1f2b67\" data-element_type=\"widget\" data-e-type=\"widget\" data-settings=\"{&quot;_animation&quot;:&quot;fadeInUp&quot;}\" data-widget_type=\"heading.default\">\n\t\t\t\t<div class=\"elementor-widget-container\">\n\t\t\t\t\t<h1 class=\"elementor-heading-title elementor-size-default\"><div class=\"underline2\">Disclosure<\/div><\/h1>\t\t\t\t<\/div>\n\t\t\t\t<\/div>\n\t\t\t\t\t<\/div>\n\t\t<\/div>\n\t\t\t\t\t<\/div>\n\t\t<\/section>\n\t\t\t\t<section class=\"elementor-section elementor-top-section elementor-element elementor-element-6926b40 elementor-section-boxed elementor-section-height-default elementor-section-height-default\" data-id=\"6926b40\" data-element_type=\"section\" data-e-type=\"section\" data-settings=\"{&quot;background_background&quot;:&quot;classic&quot;}\">\n\t\t\t\t\t\t<div class=\"elementor-container elementor-column-gap-default\">\n\t\t\t\t\t<div class=\"elementor-column elementor-col-100 elementor-top-column elementor-element elementor-element-32a15d2\" data-id=\"32a15d2\" data-element_type=\"column\" data-e-type=\"column\">\n\t\t\t<div class=\"elementor-widget-wrap elementor-element-populated\">\n\t\t\t\t\t\t<div class=\"elementor-element elementor-element-4abc9a2 elementor-icon-list--layout-inline elementor-list-item-link-full_width elementor-widget elementor-widget-icon-list\" data-id=\"4abc9a2\" data-element_type=\"widget\" data-e-type=\"widget\" data-widget_type=\"icon-list.default\">\n\t\t\t\t<div class=\"elementor-widget-container\">\n\t\t\t\t\t\t\t<ul class=\"elementor-icon-list-items elementor-inline-items\">\n\t\t\t\t\t\t\t<li class=\"elementor-icon-list-item elementor-inline-item\">\n\t\t\t\t\t\t\t\t\t\t\t<a href=\"https:\/\/lsr.at\/en\">\n\n\t\t\t\t\t\t\t\t\t\t\t<span class=\"elementor-icon-list-text\">Home<\/span>\n\t\t\t\t\t\t\t\t\t\t\t<\/a>\n\t\t\t\t\t\t\t\t\t<\/li>\n\t\t\t\t\t\t\t\t<li class=\"elementor-icon-list-item elementor-inline-item\">\n\t\t\t\t\t\t\t\t\t\t<span class=\"elementor-icon-list-text\">\u00bb Disclosure<\/span>\n\t\t\t\t\t\t\t\t\t<\/li>\n\t\t\t\t\t\t<\/ul>\n\t\t\t\t\t\t<\/div>\n\t\t\t\t<\/div>\n\t\t\t\t\t<\/div>\n\t\t<\/div>\n\t\t\t\t\t<\/div>\n\t\t<\/section>\n\t\t\t\t<section class=\"elementor-section elementor-top-section elementor-element elementor-element-15c9187 elementor-section-full_width elementor-section-height-default elementor-section-height-default\" data-id=\"15c9187\" data-element_type=\"section\" data-e-type=\"section\">\n\t\t\t\t\t\t<div class=\"elementor-container elementor-column-gap-default\">\n\t\t\t\t\t<div class=\"elementor-column elementor-col-100 elementor-top-column elementor-element elementor-element-52cda84\" data-id=\"52cda84\" data-element_type=\"column\" data-e-type=\"column\">\n\t\t\t<div class=\"elementor-widget-wrap elementor-element-populated\">\n\t\t\t\t<div class=\"elementor-element elementor-element-4a8f99b e-flex e-con-boxed e-con e-parent\" data-id=\"4a8f99b\" data-element_type=\"container\" data-e-type=\"container\">\n\t\t\t\t\t<div class=\"e-con-inner\">\n\t\t\t\t<div class=\"elementor-element elementor-element-6323988 elementor-widget__width-inherit elementor-widget elementor-widget-text-editor\" data-id=\"6323988\" data-element_type=\"widget\" data-e-type=\"widget\" data-widget_type=\"text-editor.default\">\n\t\t\t\t<div class=\"elementor-widget-container\">\n\t\t\t\t\t\t\t\t\t<p><strong>LSR Lausegger G\u00fcnther Soziet\u00e4t von <br>Rechtsanw\u00e4lten GmbH &amp; Co KG<\/strong><\/p>\n<p>FN 663360 f<br>Nikolaiplatz 4<br>8020 Graz<br>Phone +43 316 722295,<br>Fax +43 316 269770 70,<br>Email: office@lsr.at<br><br><\/p>\n<p style=\"text-align: left;\"><strong>Styrian Bar Association, Lawyers' Regulations:<\/strong> <br><a href=\"https:\/\/www.rechtsanwaelte.at\/\" target=\"_blank\" rel=\"noopener\">www.rechtsanwaelte.at<\/a><\/p>\n<p><strong>Sales tax identification number:<\/strong><br>ATU82587737<\/p>\t\t\t\t\t\t\t\t<\/div>\n\t\t\t\t<\/div>\n\t\t\t\t\t<\/div>\n\t\t\t\t<\/div>\n\t\t\t\t\t<\/div>\n\t\t<\/div>\n\t\t\t\t\t<\/div>\n\t\t<\/section>\n\t\t\t\t<\/div>","protected":false},"excerpt":{"rendered":"<p>Offenlegung Home LSR Lausegger G\u00fcnther Soziet\u00e4t von Rechtsanw\u00e4lten GmbH &amp; Co KG FN 663360 fNikolaiplatz 48020 GrazTel. +43 316 722295,Fax +43 316 269770 70,Email: office@lsr.at Steierm\u00e4rkische Rechtsanwaltskammer, Rechtsanwaltsordnung: www.rechtsanwaelte.at Umsatzsteuer-Identifikationsnummer:ATU82587737<\/p>","protected":false},"author":4,"featured_media":0,"parent":0,"menu_order":0,"comment_status":"closed","ping_status":"closed","template":"","meta":{"_acf_changed":false,"footnotes":""},"class_list":["post-3964","page","type-page","status-publish","hentry"],"acf":[],"_links":{"self":[{"href":"https:\/\/lsr.at\/en\/wp-json\/wp\/v2\/pages\/3964","targetHints":{"allow":["GET"]}}],"collection":[{"href":"https:\/\/lsr.at\/en\/wp-json\/wp\/v2\/pages"}],"about":[{"href":"https:\/\/lsr.at\/en\/wp-json\/wp\/v2\/types\/page"}],"author":[{"embeddable":true,"href":"https:\/\/lsr.at\/en\/wp-json\/wp\/v2\/users\/4"}],"replies":[{"embeddable":true,"href":"https:\/\/lsr.at\/en\/wp-json\/wp\/v2\/comments?post=3964"}],"version-history":[{"count":48,"href":"https:\/\/lsr.at\/en\/wp-json\/wp\/v2\/pages\/3964\/revisions"}],"predecessor-version":[{"id":8259,"href":"https:\/\/lsr.at\/en\/wp-json\/wp\/v2\/pages\/3964\/revisions\/8259"}],"wp:attachment":[{"href":"https:\/\/lsr.at\/en\/wp-json\/wp\/v2\/media?parent=3964"}],"curies":[{"name":"wp","href":"https:\/\/api.w.org\/{rel}","templated":true}]}}